{"id":536,"date":"2021-07-20T22:44:32","date_gmt":"2021-07-21T01:44:32","guid":{"rendered":"https:\/\/dermelyne.com.br\/?post_type=product&#038;p=536"},"modified":"2021-07-20T22:48:06","modified_gmt":"2021-07-21T01:48:06","slug":"equilibrio-sabonete-triclosan","status":"publish","type":"product","link":"https:\/\/dermelyne.com.br\/?product=equilibrio-sabonete-triclosan","title":{"rendered":"EQUIL\u00cdBRIO SABONETE TRICLOSAN"},"content":{"rendered":"<p>Especialmente desenvolvido para ind\u00fastrias aliment\u00edcias, \u00e1rea de sa\u00fade e em qualquer lugar onde se tenha a necessidade de uma higieniza\u00e7\u00e3o e uma limpeza eficaz. Formula\u00e7\u00e3o balanceada com agente antimicrobiano TRICLOSAN, que confere efic\u00e1cia na higieniza\u00e7\u00e3o de m\u00e3os, bra\u00e7os e antebra\u00e7os. Se necess\u00e1rio, pode ser utilizado em todo o corpo. Eficaz frente a Germes, Bact\u00e9rias GRAM(+) e GRAM (-). Formula\u00e7\u00e3o com 0,3% de TRICLOSAN, conforme RDC n\u00ba 29 de 01\/06\/2012 \u2013 ANVISA.<\/p>\n<p>PA070010002 &#8211; 1 L<br \/>\nPA070050002 &#8211; 5 L<br \/>\nPA078000002 &#8211; 800 mL &#8211; REFIL<\/p>\n<p>&nbsp;<\/p>\n<p>&nbsp;<\/p>\n","protected":false},"excerpt":{"rendered":"<p>Especialmente desenvolvido para ind\u00fastrias aliment\u00edcias, \u00e1rea de sa\u00fade e em qualquer lugar onde se tenha a necessidade de uma higieniza\u00e7\u00e3o e uma limpeza eficaz. Formula\u00e7\u00e3o balanceada<span class=\"excerpt-hellip\"> [\u2026]<\/span><\/p>\n","protected":false},"featured_media":128,"template":"","meta":[],"product_cat":[18,19],"product_tag":[],"_links":{"self":[{"href":"https:\/\/dermelyne.com.br\/index.php?rest_route=\/wp\/v2\/product\/536"}],"collection":[{"href":"https:\/\/dermelyne.com.br\/index.php?rest_route=\/wp\/v2\/product"}],"about":[{"href":"https:\/\/dermelyne.com.br\/index.php?rest_route=\/wp\/v2\/types\/product"}],"wp:featuredmedia":[{"embeddable":true,"href":"https:\/\/dermelyne.com.br\/index.php?rest_route=\/wp\/v2\/media\/128"}],"wp:attachment":[{"href":"https:\/\/dermelyne.com.br\/index.php?rest_route=%2Fwp%2Fv2%2Fmedia&parent=536"}],"wp:term":[{"taxonomy":"product_cat","embeddable":true,"href":"https:\/\/dermelyne.com.br\/index.php?rest_route=%2Fwp%2Fv2%2Fproduct_cat&post=536"},{"taxonomy":"product_tag","embeddable":true,"href":"https:\/\/dermelyne.com.br\/index.php?rest_route=%2Fwp%2Fv2%2Fproduct_tag&post=536"}],"curies":[{"name":"wp","href":"https:\/\/api.w.org\/{rel}","templated":true}]}}