{"id":436,"date":"2021-07-17T17:52:02","date_gmt":"2021-07-17T20:52:02","guid":{"rendered":"https:\/\/dermelyne.com.br\/?post_type=product&#038;p=436"},"modified":"2021-07-17T17:58:18","modified_gmt":"2021-07-17T20:58:18","slug":"equilibrio-sabonete-bamboo","status":"publish","type":"product","link":"https:\/\/dermelyne.com.br\/?product=equilibrio-sabonete-bamboo","title":{"rendered":"EQUIL\u00cdBRIO SABONETE BAMBOO"},"content":{"rendered":"<p>O Equil\u00edbrio Sabonete Bamboo foi elaborado com mat\u00e9rias-primas finas, selecionadas cuidadosamente, a fim de se obter uma formula\u00e7\u00e3o balanceada com hidratantes e emolientes que aliam suavidade, rendimento e harmonia \u00e0 pele. Pele suavemente perfumada com a fragr\u00e2ncia Bamboo. Conhe\u00e7a as outras fragr\u00e2ncias dispon\u00edveis.<\/p>\n<p>PA070010056 &#8211; 1 L &#8211; REFIL<br \/>\nPA070050056 &#8211; 5 L<br \/>\nPA074801056 &#8211; 480 mL &#8211; Disktop<\/p>\n<p>PA074800056 &#8211; 480 mL &#8211; Pump<br \/>\nPA078000056 &#8211; 800 mL &#8211; REFIL<\/p>\n<p>&nbsp;<\/p>\n","protected":false},"excerpt":{"rendered":"<p>O Equil\u00edbrio Sabonete Bamboo foi elaborado com mat\u00e9rias-primas finas, selecionadas cuidadosamente, a fim de se obter uma formula\u00e7\u00e3o balanceada com hidratantes e emolientes que aliam suavidade,<span class=\"excerpt-hellip\"> [\u2026]<\/span><\/p>\n","protected":false},"featured_media":79,"template":"","meta":[],"product_cat":[19],"product_tag":[],"_links":{"self":[{"href":"https:\/\/dermelyne.com.br\/index.php?rest_route=\/wp\/v2\/product\/436"}],"collection":[{"href":"https:\/\/dermelyne.com.br\/index.php?rest_route=\/wp\/v2\/product"}],"about":[{"href":"https:\/\/dermelyne.com.br\/index.php?rest_route=\/wp\/v2\/types\/product"}],"wp:featuredmedia":[{"embeddable":true,"href":"https:\/\/dermelyne.com.br\/index.php?rest_route=\/wp\/v2\/media\/79"}],"wp:attachment":[{"href":"https:\/\/dermelyne.com.br\/index.php?rest_route=%2Fwp%2Fv2%2Fmedia&parent=436"}],"wp:term":[{"taxonomy":"product_cat","embeddable":true,"href":"https:\/\/dermelyne.com.br\/index.php?rest_route=%2Fwp%2Fv2%2Fproduct_cat&post=436"},{"taxonomy":"product_tag","embeddable":true,"href":"https:\/\/dermelyne.com.br\/index.php?rest_route=%2Fwp%2Fv2%2Fproduct_tag&post=436"}],"curies":[{"name":"wp","href":"https:\/\/api.w.org\/{rel}","templated":true}]}}